{"id":374,"date":"2013-07-04T18:52:51","date_gmt":"2013-07-04T18:52:51","guid":{"rendered":"http:\/\/zaharamh.com\/ecf\/?page_id=374"},"modified":"2025-04-20T15:26:10","modified_gmt":"2025-04-20T13:26:10","slug":"qui-som","status":"publish","type":"page","link":"https:\/\/edicionscottonflower.com\/ca\/qui-som\/","title":{"rendered":"Qui som?"},"content":{"rendered":"<p>El Clayton Mitchell i la <a title=\"Lloc personal de Zahara MH\" href=\"http:\/\/zaharamh.com\">Zahara MH<\/a> som els responsables d&#8217;aquest blog i les persones que hi ha al darrere del projecte Edicions Cotton Flower. Vam comen\u00e7ar-lo l&#8217;estiu del 2011 i aquest blog \u00e9s on documentem el nostre progr\u00e9s en el m\u00f3n de l&#8217;enquadernaci\u00f3 artesanal. Acceptem <a title=\"Enc\u00e0rrecs \/\u00a0Commissions\" href=\"http:\/\/edicionscottonflower.wordpress.com\/encarrecs-commissions\/\">enc\u00e0rrecs<\/a>, col\u00b7laboracions, i tamb\u00e9 oferim els nostres propis llibres i llibretes. Posa&#8217;t en contacte amb nosaltres a mail @ edicionscottonflower.com. Ja no ens trobar\u00e0s en cap mitj\u00e0 de comunicaci\u00f3 social corporatiu, per\u00f2 pots escriure a la Zahara a <a href=\"https:\/\/mastodon.social\/@zmh\">mastodon<\/a>.<\/p>\n<p style=\"text-align: center;\"><img loading=\"lazy\" decoding=\"async\" class=\"aligncenter size-full wp-image-179\" title=\"Clayton and Zahara at work, Bookbinding\" src=\"http:\/\/zaharamh.com\/ecf\/wp-content\/uploads\/2012\/05\/bannabout1.jpg\" alt=\"El Clayton i la Zahara a la feina, enquadernant\" width=\"600\" height=\"300\" srcset=\"https:\/\/edicionscottonflower.com\/wp-content\/uploads\/2012\/05\/bannabout1.jpg 600w, https:\/\/edicionscottonflower.com\/wp-content\/uploads\/2012\/05\/bannabout1-300x150.jpg 300w\" sizes=\"auto, (max-width: 600px) 100vw, 600px\" \/><\/p>\n","protected":false},"excerpt":{"rendered":"<p>El Clayton Mitchell i la Zahara MH som els responsables d&#8217;aquest blog i les persones que hi ha al darrere del projecte Edicions Cotton Flower. Vam comen\u00e7ar-lo l&#8217;estiu del 2011 i aquest blog \u00e9s on documentem el nostre progr\u00e9s en el m\u00f3n de l&#8217;enquadernaci\u00f3 artesanal. Acceptem enc\u00e0rrecs, col\u00b7laboracions, i tamb\u00e9 oferim els nostres propis llibres [&hellip;]<\/p>\n","protected":false},"author":1,"featured_media":0,"parent":0,"menu_order":0,"comment_status":"open","ping_status":"open","template":"","meta":{"footnotes":""},"class_list":["post-374","page","type-page","status-publish","hentry"],"_links":{"self":[{"href":"https:\/\/edicionscottonflower.com\/ca\/wp-json\/wp\/v2\/pages\/374","targetHints":{"allow":["GET"]}}],"collection":[{"href":"https:\/\/edicionscottonflower.com\/ca\/wp-json\/wp\/v2\/pages"}],"about":[{"href":"https:\/\/edicionscottonflower.com\/ca\/wp-json\/wp\/v2\/types\/page"}],"author":[{"embeddable":true,"href":"https:\/\/edicionscottonflower.com\/ca\/wp-json\/wp\/v2\/users\/1"}],"replies":[{"embeddable":true,"href":"https:\/\/edicionscottonflower.com\/ca\/wp-json\/wp\/v2\/comments?post=374"}],"version-history":[{"count":5,"href":"https:\/\/edicionscottonflower.com\/ca\/wp-json\/wp\/v2\/pages\/374\/revisions"}],"predecessor-version":[{"id":1071,"href":"https:\/\/edicionscottonflower.com\/ca\/wp-json\/wp\/v2\/pages\/374\/revisions\/1071"}],"wp:attachment":[{"href":"https:\/\/edicionscottonflower.com\/ca\/wp-json\/wp\/v2\/media?parent=374"}],"curies":[{"name":"wp","href":"https:\/\/api.w.org\/{rel}","templated":true}]}}