{"id":619,"date":"2014-11-13T10:35:18","date_gmt":"2014-11-13T10:35:18","guid":{"rendered":"http:\/\/edicionscottonflower.com\/?page_id=619"},"modified":"2014-11-14T14:08:07","modified_gmt":"2014-11-14T14:08:07","slug":"tallers-denquadernacio","status":"publish","type":"page","link":"https:\/\/edicionscottonflower.com\/ca\/tallers-denquadernacio\/","title":{"rendered":"Tallers d&#8217;enquadernaci\u00f3"},"content":{"rendered":"<p><img loading=\"lazy\" decoding=\"async\" src=\"http:\/\/edicionscottonflower.com\/wp-content\/uploads\/2014\/11\/workshops.jpg\" alt=\"workshops\" width=\"800\" height=\"286\" class=\"alignnone size-full wp-image-629\" srcset=\"https:\/\/edicionscottonflower.com\/wp-content\/uploads\/2014\/11\/workshops.jpg 800w, https:\/\/edicionscottonflower.com\/wp-content\/uploads\/2014\/11\/workshops-300x107.jpg 300w\" sizes=\"auto, (max-width: 800px) 100vw, 800px\" \/><\/p>\n<p>Oferim dos tipus de tallers:<br \/>\n<strong>Introducci\u00f3 a l&#8217;enquadernaci\u00f3<\/strong><br \/>\nAquest taller est\u00e0 pensat per a aquells amb poca o cap experi\u00e8ncia en el m\u00f3n de l&#8217;enquadernaci\u00f3, per\u00f2 tamb\u00e9 pot servir per presentar una nova t\u00e8cnica a aquells m\u00e9s experimentats. Ensenyem t\u00e8cniques sense adhesius, sense eines especials i amb un \u00fas preferent de materials reciclats i reutilitzats.<br \/>\n<strong>Projecte personal<\/strong><br \/>\nTens una idea per un llibre, per\u00f2 no acabes de veure clar com fer-lo realitat? Nosaltres t&#8217;ajudem i t&#8217;assessorem durant el proc\u00e9s!<\/p>\n<p>Si hi tens inter\u00e8s, posa&#8217;t en <a href=\"https:\/\/edicionscottonflower.com\/ca\/qui-som\/\" title=\"Qui som?\">contacte<\/a> amb nosaltres!<\/p>\n","protected":false},"excerpt":{"rendered":"<p>Oferim dos tipus de tallers: Introducci\u00f3 a l&#8217;enquadernaci\u00f3 Aquest taller est\u00e0 pensat per a aquells amb poca o cap experi\u00e8ncia en el m\u00f3n de l&#8217;enquadernaci\u00f3, per\u00f2 tamb\u00e9 pot servir per presentar una nova t\u00e8cnica a aquells m\u00e9s experimentats. Ensenyem t\u00e8cniques sense adhesius, sense eines especials i amb un \u00fas preferent de materials reciclats i reutilitzats. [&hellip;]<\/p>\n","protected":false},"author":1,"featured_media":0,"parent":0,"menu_order":0,"comment_status":"open","ping_status":"open","template":"","meta":{"footnotes":""},"class_list":["post-619","page","type-page","status-publish","hentry"],"_links":{"self":[{"href":"https:\/\/edicionscottonflower.com\/ca\/wp-json\/wp\/v2\/pages\/619","targetHints":{"allow":["GET"]}}],"collection":[{"href":"https:\/\/edicionscottonflower.com\/ca\/wp-json\/wp\/v2\/pages"}],"about":[{"href":"https:\/\/edicionscottonflower.com\/ca\/wp-json\/wp\/v2\/types\/page"}],"author":[{"embeddable":true,"href":"https:\/\/edicionscottonflower.com\/ca\/wp-json\/wp\/v2\/users\/1"}],"replies":[{"embeddable":true,"href":"https:\/\/edicionscottonflower.com\/ca\/wp-json\/wp\/v2\/comments?post=619"}],"version-history":[{"count":3,"href":"https:\/\/edicionscottonflower.com\/ca\/wp-json\/wp\/v2\/pages\/619\/revisions"}],"predecessor-version":[{"id":636,"href":"https:\/\/edicionscottonflower.com\/ca\/wp-json\/wp\/v2\/pages\/619\/revisions\/636"}],"wp:attachment":[{"href":"https:\/\/edicionscottonflower.com\/ca\/wp-json\/wp\/v2\/media?parent=619"}],"curies":[{"name":"wp","href":"https:\/\/api.w.org\/{rel}","templated":true}]}}